{"id":334,"date":"2015-03-09T10:56:44","date_gmt":"2015-03-09T10:56:44","guid":{"rendered":"http:\/\/structure.thememove.com\/01\/?page_id=334"},"modified":"2017-10-19T03:16:28","modified_gmt":"2017-10-19T03:16:28","slug":"treinamentos-de-seguranca-do-trabalho","status":"publish","type":"page","link":"https:\/\/previnijard.com.br\/novo\/nossos-servicos\/treinamentos-de-seguranca-do-trabalho\/","title":{"rendered":"Treinamentos de Seguran\u00e7a do Trabalho"},"content":{"rendered":"<div class=\"vc_row wpb_row   \" style=\"\"><div class=\" boxed\"><div class=\"container\"><div class=\"row\">\n\t<div class=\"col-sm-12 col-lg-12 wpb_column vc_column_container \">\n\t\t<div class=\"wpb_wrapper\">\n\t\t\t\n\t<div class=\"wpb_text_column wpb_content_element \">\n\t\t<div class=\"wpb_wrapper\">\n\t\t\t<p>NR 01- Disposi\u00e7\u00f5es Gerais<br \/>\nNR 02- Inspe\u00e7\u00e3o Pr\u00e9via<br \/>\nNR 03- Embergo ou Interdi\u00e7\u00e3o<br \/>\nNR 04- Servi\u00e7os Especializados em Eng. de\u00a0Seguran\u00e7a em Medicina do Trabalho<br \/>\nNR 05- Comiss\u00e3o Interna de Preven\u00e7\u00e3o de Acidentes<br \/>\nNR 06- Equipamentos de Prote\u00e7\u00e3o Individual- EPI<br \/>\nNR 07- Programas de Controle M\u00e9dico de Sa\u00fade Ocupacional<br \/>\nNR 07- Despacho SSST (Nota T\u00e9cnica)<br \/>\nNR 08- Edifica\u00e7\u00f5es<br \/>\nNR 09- Programas de Preven\u00e7\u00e3o de Riscos Ambientais<br \/>\nNR 10- Seguran\u00e7a em Instala\u00e7\u00f5es e Servi\u00e7os em Eletricidade<br \/>\nNR 11- Transporte, Movimenta\u00e7\u00e3o, Armazenagem e Manuseio de Materiais<br \/>\nNR 11 ANEXO I,- Regulamento T\u00e9cnico de Procedimentos para Movimenta\u00e7\u00e3o, Armazenagem e Manuseio de Chapas de M\u00e1rmore, Granito e outras Rochas<br \/>\nNR 12- Seguran\u00e7a no Trabalho em M\u00e1quinas e Equipamentos<br \/>\nNR 13- Caldeiras e Vasos de Press\u00e3o<br \/>\nNR 14- Fornos<br \/>\nNR 15-Atividades e Opera\u00e7\u00f5es Insalubres<br \/>\nNR 16- Atividades e Opera\u00e7\u00f5es Perigosas<br \/>\nNR 17- Ergonimia<br \/>\nNR 17 ANEXO 1- Trabalho dos Operadores de Checkouts<br \/>\nNR 17 ANEXO II- Trabalho em Teleatendimento \/Telemarketing-<br \/>\nNR 18- Condi\u00e7\u00f5es e Meio Ambiente de Trabalho na Ind\u00fastria da Constru\u00e7\u00e3o<br \/>\nNR 19- Explosivos<br \/>\nNR 20- Seguran\u00e7a e Sa\u00fade no Trabalho com Inflam\u00e1veis e Combust\u00edveis.<br \/>\nNR 21- Trabalho a C\u00e9u Aberto<br \/>\nNR 22- Seguran\u00e7a e Sa\u00fade Ocupacional na Minera\u00e7\u00e3o<br \/>\nNR 23- Prote\u00e7\u00e3o Contra Inc\u00eandias<br \/>\nNR 24- Condi\u00e7\u00f5es Sanit\u00e1rias e de Conforto nos Locais de Trabalho<br \/>\nNR 25- Res\u00edduos Industriais<br \/>\nNR 26- Sinaliza\u00e7\u00e3o de Seguran\u00e7a<br \/>\nNR 27- Revogada pela Portaria GM n.\u00b0 262,<br \/>\n29\/05\/2008 Registro Profissional do T\u00e9cnico de Seguran\u00e7a do Trabalho no MTB<br \/>\nNR 28- Fiscaliza\u00e7\u00e3o e Penalidades<br \/>\nNR 29- Norma Regulamentadora de Seguran\u00e7a e Sa\u00fade no Trabalho Portu\u00e1rio<br \/>\nNR 30- Norma Regulamentadora de Seguran\u00e7a e Sa\u00fade no Trabalho Aquavi\u00e1rio<br \/>\nNR 30- Anexo I- Pesca Comercial e Industrial-<br \/>\nNR Anexo II- Plataformas e Instala\u00e7\u00f5es de Apoio &#8211; Arquivo PDF (206kb)<br \/>\nNR 31- Norma Regulamentadora de Seguran\u00e7a e Sa\u00fade no Trabalho na Agricultura, Pecu\u00e1ria Silvicultura, Explora\u00e7\u00e3o Florestal e Aquicultura<br \/>\nNR 32- Seguran\u00e7a e Sa\u00fade no Trabalho em Estabelecimentos de Sa\u00fade<br \/>\nNR 33- Seguran\u00e7a e Sa\u00fade no Trabalho em Espa\u00e7os Confinados<br \/>\nNR 34- Condi\u00e7\u00f5es e Meio Ambiente de Trabalho na Ind\u00fastria da Constru\u00e7\u00e3o e Repara\u00e7\u00e3o Naval.<br \/>\nNR 35- Trabalho em Altura<br \/>\nNR 36 &#8211; seguran\u00e7a e sa\u00fade no trabalho em empresas de abate e processamento de carnes e derivados<\/p>\n\n\t\t<\/div> \n\t<\/div> \n\t<div class=\"wpb_text_column wpb_content_element \">\n\t\t<div class=\"wpb_wrapper\">\n\t\t\t<p><\/p>\n\n\t\t<\/div> \n\t<\/div> <div class=\"vc_empty_space\"  style=\"height: 30px\" ><span class=\"vc_empty_space_inner\"><\/span><\/div>\n\n\n\t\t<\/div> \n\t<\/div> \n<\/div><\/div><\/div><\/div>\n","protected":false},"excerpt":{"rendered":"NR 01- Disposi\u00e7\u00f5es Gerais NR 02- Inspe\u00e7\u00e3o Pr\u00e9via NR 03- Embergo ou Interdi\u00e7\u00e3o NR 04- Servi\u00e7os Especializados em Eng. de\u00a0Seguran\u00e7a em Medicina do Trabalho NR 05- Comiss\u00e3o Interna de Preven\u00e7\u00e3o de Acidentes NR 06- Equipamentos de Prote\u00e7\u00e3o Individual- EPI NR 07- Programas de Controle M\u00e9dico de Sa\u00fade Ocupacional NR 07- Despacho SSST (Nota T\u00e9cnica) NR [...]","protected":false},"author":1,"featured_media":0,"parent":59,"menu_order":0,"comment_status":"closed","ping_status":"closed","template":"","meta":[],"_links":{"self":[{"href":"https:\/\/previnijard.com.br\/novo\/wp-json\/wp\/v2\/pages\/334"}],"collection":[{"href":"https:\/\/previnijard.com.br\/novo\/wp-json\/wp\/v2\/pages"}],"about":[{"href":"https:\/\/previnijard.com.br\/novo\/wp-json\/wp\/v2\/types\/page"}],"author":[{"embeddable":true,"href":"https:\/\/previnijard.com.br\/novo\/wp-json\/wp\/v2\/users\/1"}],"replies":[{"embeddable":true,"href":"https:\/\/previnijard.com.br\/novo\/wp-json\/wp\/v2\/comments?post=334"}],"version-history":[{"count":9,"href":"https:\/\/previnijard.com.br\/novo\/wp-json\/wp\/v2\/pages\/334\/revisions"}],"predecessor-version":[{"id":74177,"href":"https:\/\/previnijard.com.br\/novo\/wp-json\/wp\/v2\/pages\/334\/revisions\/74177"}],"up":[{"embeddable":true,"href":"https:\/\/previnijard.com.br\/novo\/wp-json\/wp\/v2\/pages\/59"}],"wp:attachment":[{"href":"https:\/\/previnijard.com.br\/novo\/wp-json\/wp\/v2\/media?parent=334"}],"curies":[{"name":"wp","href":"https:\/\/api.w.org\/{rel}","templated":true}]}}