{"id":336,"date":"2015-03-10T02:44:54","date_gmt":"2015-03-10T02:44:54","guid":{"rendered":"http:\/\/structure.thememove.com\/01\/?page_id=336"},"modified":"2017-10-19T03:21:03","modified_gmt":"2017-10-19T03:21:03","slug":"gerenciamento-tecnico-de-obras-com-acompanhamento-dos-tecnicos-em-seguranca","status":"publish","type":"page","link":"https:\/\/previnijard.com.br\/novo\/nossos-servicos\/gerenciamento-tecnico-de-obras-com-acompanhamento-dos-tecnicos-em-seguranca\/","title":{"rendered":"Gerenciamento T\u00e9cnico de Obras com Acompanhamento dos T\u00e9cnicos em Seguran\u00e7a"},"content":{"rendered":"<div class=\"vc_row wpb_row   \" style=\"\"><div class=\" boxed\"><div class=\"container\"><div class=\"row\">\n\t<div class=\"col-sm-12 col-lg-12 wpb_column vc_column_container \">\n\t\t<div class=\"wpb_wrapper\">\n\t\t\t\n\t<div class=\"wpb_text_column wpb_content_element \">\n\t\t<div class=\"wpb_wrapper\">\n\t\t\t<p>Disponibilidade para fornecimento de t\u00e9cnico em seguran\u00e7a do trabalho para implementa\u00e7\u00e3o de normas de seguran\u00e7a em linhas de produ\u00e7\u00e3o geral, acompanhamento de obras e amplia\u00e7\u00f5es, realiza\u00e7\u00e3o de momentos de seguran\u00e7a di\u00e1rios, controle de HHT, entrega e controle de EPI, fiscaliza\u00e7\u00e3o de canteiros de obras e alojamentos etc.<\/p>\n\n\t\t<\/div> \n\t<\/div> \n\t<div class=\"wpb_text_column wpb_content_element \">\n\t\t<div class=\"wpb_wrapper\">\n\t\t\t<p><\/p>\n\n\t\t<\/div> \n\t<\/div> <div class=\"vc_empty_space\"  style=\"height: 30px\" ><span class=\"vc_empty_space_inner\"><\/span><\/div>\n\n\n\t\t<\/div> \n\t<\/div> \n<\/div><\/div><\/div><\/div>\n","protected":false},"excerpt":{"rendered":"Disponibilidade para fornecimento de t\u00e9cnico em seguran\u00e7a do trabalho para implementa\u00e7\u00e3o de normas de seguran\u00e7a em linhas de produ\u00e7\u00e3o geral, acompanhamento de obras e amplia\u00e7\u00f5es, realiza\u00e7\u00e3o de momentos de seguran\u00e7a di\u00e1rios, controle de HHT, entrega e controle de EPI, fiscaliza\u00e7\u00e3o de canteiros de obras e alojamentos etc.","protected":false},"author":1,"featured_media":0,"parent":59,"menu_order":0,"comment_status":"closed","ping_status":"closed","template":"","meta":[],"_links":{"self":[{"href":"https:\/\/previnijard.com.br\/novo\/wp-json\/wp\/v2\/pages\/336"}],"collection":[{"href":"https:\/\/previnijard.com.br\/novo\/wp-json\/wp\/v2\/pages"}],"about":[{"href":"https:\/\/previnijard.com.br\/novo\/wp-json\/wp\/v2\/types\/page"}],"author":[{"embeddable":true,"href":"https:\/\/previnijard.com.br\/novo\/wp-json\/wp\/v2\/users\/1"}],"replies":[{"embeddable":true,"href":"https:\/\/previnijard.com.br\/novo\/wp-json\/wp\/v2\/comments?post=336"}],"version-history":[{"count":8,"href":"https:\/\/previnijard.com.br\/novo\/wp-json\/wp\/v2\/pages\/336\/revisions"}],"predecessor-version":[{"id":74179,"href":"https:\/\/previnijard.com.br\/novo\/wp-json\/wp\/v2\/pages\/336\/revisions\/74179"}],"up":[{"embeddable":true,"href":"https:\/\/previnijard.com.br\/novo\/wp-json\/wp\/v2\/pages\/59"}],"wp:attachment":[{"href":"https:\/\/previnijard.com.br\/novo\/wp-json\/wp\/v2\/media?parent=336"}],"curies":[{"name":"wp","href":"https:\/\/api.w.org\/{rel}","templated":true}]}}