{"id":342,"date":"2015-03-10T02:45:48","date_gmt":"2015-03-10T02:45:48","guid":{"rendered":"http:\/\/structure.thememove.com\/01\/?page_id=342"},"modified":"2016-06-17T21:53:58","modified_gmt":"2016-06-17T21:53:58","slug":"programas-de-seguranca-e-meio-ambiente","status":"publish","type":"page","link":"https:\/\/previnijard.com.br\/novo\/nossos-servicos\/programas-de-seguranca-e-meio-ambiente\/","title":{"rendered":"Programas de Seguran\u00e7a e Meio Ambiente"},"content":{"rendered":"<div class=\"vc_row wpb_row   \" style=\"\"><div class=\" boxed\"><div class=\"container\"><div class=\"row\">\n\t<div class=\"col-sm-12 col-lg-12 wpb_column vc_column_container \">\n\t\t<div class=\"wpb_wrapper\">\n\t\t\t\n\t<div class=\"wpb_text_column wpb_content_element \">\n\t\t<div class=\"wpb_wrapper\">\n\t\t\t<p>PPRA Programa de Preven\u00e7\u00e3o de Riscos Ambientais<br \/>\nPCMSO Programa de Controle M\u00e9dico de Sa\u00fade Ocupacional<br \/>\nLTCAT Laudo T\u00e9cnico de Condi\u00e7\u00f5es Ambientais de Trabalho<br \/>\nPPP Perfil Profissiogr\u00e1fico Previdenci\u00e1rio<br \/>\nPGR Programa de Gerenciamento de Riscos<br \/>\nAPR An\u00e1lise Preliminar dos Riscos\u00a0Mapa dos Riscos<br \/>\nPCA Programa de Conserva\u00e7\u00e3o Auditiva<br \/>\nPPR Programa de Prote\u00e7\u00e3o Respirat\u00f3ria<\/p>\n\n\t\t<\/div> \n\t<\/div> \n\t<div class=\"wpb_text_column wpb_content_element \">\n\t\t<div class=\"wpb_wrapper\">\n\t\t\t<p><\/p>\n\n\t\t<\/div> \n\t<\/div> <div class=\"vc_empty_space\"  style=\"height: 30px\" ><span class=\"vc_empty_space_inner\"><\/span><\/div>\n\n\n\t\t<\/div> \n\t<\/div> \n<\/div><\/div><\/div><\/div>\n","protected":false},"excerpt":{"rendered":"PPRA Programa de Preven\u00e7\u00e3o de Riscos Ambientais PCMSO Programa de Controle M\u00e9dico de Sa\u00fade Ocupacional LTCAT Laudo T\u00e9cnico de Condi\u00e7\u00f5es Ambientais de Trabalho PPP Perfil Profissiogr\u00e1fico Previdenci\u00e1rio PGR Programa de Gerenciamento de Riscos APR An\u00e1lise Preliminar dos Riscos\u00a0Mapa dos Riscos PCA Programa de Conserva\u00e7\u00e3o Auditiva PPR Programa de Prote\u00e7\u00e3o Respirat\u00f3ria","protected":false},"author":1,"featured_media":0,"parent":59,"menu_order":0,"comment_status":"closed","ping_status":"closed","template":"","meta":[],"_links":{"self":[{"href":"https:\/\/previnijard.com.br\/novo\/wp-json\/wp\/v2\/pages\/342"}],"collection":[{"href":"https:\/\/previnijard.com.br\/novo\/wp-json\/wp\/v2\/pages"}],"about":[{"href":"https:\/\/previnijard.com.br\/novo\/wp-json\/wp\/v2\/types\/page"}],"author":[{"embeddable":true,"href":"https:\/\/previnijard.com.br\/novo\/wp-json\/wp\/v2\/users\/1"}],"replies":[{"embeddable":true,"href":"https:\/\/previnijard.com.br\/novo\/wp-json\/wp\/v2\/comments?post=342"}],"version-history":[{"count":5,"href":"https:\/\/previnijard.com.br\/novo\/wp-json\/wp\/v2\/pages\/342\/revisions"}],"predecessor-version":[{"id":74097,"href":"https:\/\/previnijard.com.br\/novo\/wp-json\/wp\/v2\/pages\/342\/revisions\/74097"}],"up":[{"embeddable":true,"href":"https:\/\/previnijard.com.br\/novo\/wp-json\/wp\/v2\/pages\/59"}],"wp:attachment":[{"href":"https:\/\/previnijard.com.br\/novo\/wp-json\/wp\/v2\/media?parent=342"}],"curies":[{"name":"wp","href":"https:\/\/api.w.org\/{rel}","templated":true}]}}