{"id":59,"date":"2015-03-02T04:38:35","date_gmt":"2015-03-02T04:38:35","guid":{"rendered":"http:\/\/structure.thememove.com\/01\/?page_id=59"},"modified":"2017-10-19T03:26:53","modified_gmt":"2017-10-19T03:26:53","slug":"nossos-servicos","status":"publish","type":"page","link":"https:\/\/previnijard.com.br\/novo\/nossos-servicos\/","title":{"rendered":"Nossos Servi\u00e7os"},"content":{"rendered":"<div class=\"vc_row wpb_row  features  \" style=\"background-color: #ffffff;\"><div class=\" boxed\"><div class=\"container\"><div class=\"row\">\n\t<div class=\"col-sm-6 col-lg-6 wpb_column vc_column_container \">\n\t\t<div class=\"wpb_wrapper\">\n\t\t\t\n\t<div class=\"wpb_text_column wpb_content_element \">\n\t\t<div class=\"wpb_wrapper\">\n\t\t\t<p style=\"text-align: center;\"><a href=\"http:\/\/previnijard.com.br\/novo\/nossos-servicos\/programas-de-seguranca-e-meio-ambiente\/\"><img loading=\"lazy\" class=\"alignnone size-full wp-image-74068\" src=\"http:\/\/previnijard.com.br\/novo\/wp-content\/uploads\/2015\/03\/seguranca-trabalho-servicos.jpg\" alt=\"seguranca-trabalho-servicos\" width=\"560\" height=\"225\" srcset=\"https:\/\/previnijard.com.br\/novo\/wp-content\/uploads\/2015\/03\/seguranca-trabalho-servicos.jpg 560w, https:\/\/previnijard.com.br\/novo\/wp-content\/uploads\/2015\/03\/seguranca-trabalho-servicos-300x121.jpg 300w\" sizes=\"(max-width: 560px) 100vw, 560px\" \/><\/a><\/p>\n<h3><a href=\"http:\/\/previnijard.com.br\/novo\/nossos-servicos\/programas-de-seguranca-e-meio-ambiente\/\">Programas de Seguran\u00e7a e Meio Ambiente<\/a><\/h3>\n<p><a href=\"http:\/\/previnijard.com.br\/novo\/nossos-servicos\/programas-de-seguranca-e-meio-ambiente\/\">Saiba mais&#8230;<\/a><\/p>\n\n\t\t<\/div> \n\t<\/div> \n\t\t<\/div> \n\t<\/div> \n\n\t<div class=\"col-sm-6 col-lg-6 wpb_column vc_column_container \">\n\t\t<div class=\"wpb_wrapper\">\n\t\t\t\n\t<div class=\"wpb_text_column wpb_content_element \">\n\t\t<div class=\"wpb_wrapper\">\n\t\t\t<p style=\"text-align: center;\"><img loading=\"lazy\" class=\"alignnone size-full wp-image-74073\" src=\"http:\/\/previnijard.com.br\/novo\/wp-content\/uploads\/2015\/03\/seguranca-trabalho-servicos-3.jpg\" alt=\"seguranca-trabalho-servicos-3\" width=\"560\" height=\"225\" srcset=\"https:\/\/previnijard.com.br\/novo\/wp-content\/uploads\/2015\/03\/seguranca-trabalho-servicos-3.jpg 560w, https:\/\/previnijard.com.br\/novo\/wp-content\/uploads\/2015\/03\/seguranca-trabalho-servicos-3-300x121.jpg 300w\" sizes=\"(max-width: 560px) 100vw, 560px\" \/><\/p>\n<h3><a href=\"http:\/\/previnijard.com.br\/novo\/nossos-servicos\/treinamentos\/\">Treinamentos\u00a0de Seguran\u00e7a do Trabalho<\/a><\/h3>\n<p><a href=\"http:\/\/previnijard.com.br\/novo\/nossos-servicos\/treinamentos\/\">Saiba Mais&#8230;<\/a><\/p>\n\n\t\t<\/div> \n\t<\/div> \n\t\t<\/div> \n\t<\/div> \n<\/div><\/div><\/div><\/div><div class=\"vc_row wpb_row  features  \" style=\"background-color: #ffffff;\"><div class=\" boxed\"><div class=\"container\"><div class=\"row\">\n\t<div class=\"col-sm-12 col-lg-12 wpb_column vc_column_container \">\n\t\t<div class=\"wpb_wrapper\">\n\t\t\t<div class=\"vc_empty_space\"  style=\"height: 32px\" ><span class=\"vc_empty_space_inner\"><\/span><\/div>\n\n\n\t\t<\/div> \n\t<\/div> \n<\/div><\/div><\/div><\/div><div class=\"vc_row wpb_row  features  \" style=\"background-color: #ffffff;\"><div class=\" boxed\"><div class=\"container\"><div class=\"row\">\n\t<div class=\"col-sm-6 col-lg-6 wpb_column vc_column_container \">\n\t\t<div class=\"wpb_wrapper\">\n\t\t\t\n\t<div class=\"wpb_text_column wpb_content_element \">\n\t\t<div class=\"wpb_wrapper\">\n\t\t\t<p style=\"text-align: center;\"><img loading=\"lazy\" class=\"alignnone size-full wp-image-74070\" src=\"http:\/\/previnijard.com.br\/novo\/wp-content\/uploads\/2015\/03\/seguranca-trabalho-servicos-2.jpg\" alt=\"seguranca-trabalho-servicos-1\" width=\"560\" height=\"225\" \/><\/p>\n<h3><a href=\"http:\/\/previnijard.com.br\/novo\/implementacao-e-adequacao-das-normas-do-ministerio-do-trabalho-e-emprego\/\"><span class=\"TextRun SCX4993351\" xml:lang=\"PT-BR\"><span class=\"NormalTextRun SCX4993351\">I<\/span><\/span><span class=\"TextRun SCX4993351\" xml:lang=\"PT-BR\"><span class=\"NormalTextRun SCX4993351\">mplementa\u00e7\u00e3o<\/span><\/span><span class=\"TextRun SCX4993351\" xml:lang=\"PT-BR\"><span class=\"NormalTextRun SCX4993351\"> e Adequa\u00e7\u00e3o das Normas do Minist\u00e9rio do Trabalho e Emprego.<\/span><\/span><\/a><\/h3>\n<p><a href=\"http:\/\/previnijard.com.br\/novo\/implementacao-e-adequacao-das-normas-do-ministerio-do-trabalho-e-emprego\/\">Saiba Mais&#8230;<\/a><\/p>\n\n\t\t<\/div> \n\t<\/div> \n\t<div class=\"wpb_text_column wpb_content_element \">\n\t\t<div class=\"wpb_wrapper\">\n\t\t\t<p><\/p>\n\n\t\t<\/div> \n\t<\/div> \n\t\t<\/div> \n\t<\/div> \n\n\t<div class=\"col-sm-6 col-lg-6 wpb_column vc_column_container \">\n\t\t<div class=\"wpb_wrapper\">\n\t\t\t\n\t<div class=\"wpb_text_column wpb_content_element \">\n\t\t<div class=\"wpb_wrapper\">\n\t\t\t<p style=\"text-align: center;\"><img loading=\"lazy\" class=\"alignnone size-full wp-image-74072\" src=\"http:\/\/previnijard.com.br\/novo\/wp-content\/uploads\/2015\/03\/seguranca-trabalho-servicos-1.jpg\" alt=\"seguranca-trabalho-servicos-2\" width=\"560\" height=\"225\" \/><\/p>\n<h3><a href=\"http:\/\/previnijard.com.br\/novo\/nossos-servicos\/gerenciamento-tecnico-de-obras\/\">Gerenciamento T\u00e9cnico de Obras com Acompanhamento dos <\/a><a href=\"http:\/\/previnijard.com.br\/novo\/nossos-servicos\/gerenciamento-tecnico-de-obras\/\">T\u00e9cnicos em Seguran\u00e7a<\/a><\/h3>\n<p><a href=\"http:\/\/previnijard.com.br\/novo\/nossos-servicos\/gerenciamento-tecnico-de-obras\/\">Saiba Mais&#8230;<\/a><\/p>\n\n\t\t<\/div> \n\t<\/div> \n\t<div class=\"wpb_text_column wpb_content_element \">\n\t\t<div class=\"wpb_wrapper\">\n\t\t\t<p><\/p>\n\n\t\t<\/div> \n\t<\/div> \n\t\t<\/div> \n\t<\/div> \n<\/div><\/div><\/div><\/div><div class=\"vc_row wpb_row   \" style=\"\"><div class=\" boxed\"><div class=\"container\"><div class=\"row\">\n\t<div class=\"col-sm-12 col-lg-12 wpb_column vc_column_container \">\n\t\t<div class=\"wpb_wrapper\">\n\t\t\t<div class=\"vc_empty_space\"  style=\"height: 50px\" ><span class=\"vc_empty_space_inner\"><\/span><\/div>\n\n\n\t\t<\/div> \n\t<\/div> \n<\/div><\/div><\/div><\/div>\n","protected":false},"excerpt":{"rendered":"Programas de Seguran\u00e7a e Meio Ambiente Saiba mais... Treinamentos\u00a0de Seguran\u00e7a do Trabalho Saiba Mais... Implementa\u00e7\u00e3o e Adequa\u00e7\u00e3o das Normas do Minist\u00e9rio do Trabalho e Emprego. Saiba Mais... Gerenciamento T\u00e9cnico de Obras com Acompanhamento dos T\u00e9cnicos em Seguran\u00e7a Saiba Mais...","protected":false},"author":1,"featured_media":0,"parent":0,"menu_order":0,"comment_status":"closed","ping_status":"closed","template":"","meta":[],"_links":{"self":[{"href":"https:\/\/previnijard.com.br\/novo\/wp-json\/wp\/v2\/pages\/59"}],"collection":[{"href":"https:\/\/previnijard.com.br\/novo\/wp-json\/wp\/v2\/pages"}],"about":[{"href":"https:\/\/previnijard.com.br\/novo\/wp-json\/wp\/v2\/types\/page"}],"author":[{"embeddable":true,"href":"https:\/\/previnijard.com.br\/novo\/wp-json\/wp\/v2\/users\/1"}],"replies":[{"embeddable":true,"href":"https:\/\/previnijard.com.br\/novo\/wp-json\/wp\/v2\/comments?post=59"}],"version-history":[{"count":23,"href":"https:\/\/previnijard.com.br\/novo\/wp-json\/wp\/v2\/pages\/59\/revisions"}],"predecessor-version":[{"id":74180,"href":"https:\/\/previnijard.com.br\/novo\/wp-json\/wp\/v2\/pages\/59\/revisions\/74180"}],"wp:attachment":[{"href":"https:\/\/previnijard.com.br\/novo\/wp-json\/wp\/v2\/media?parent=59"}],"curies":[{"name":"wp","href":"https:\/\/api.w.org\/{rel}","templated":true}]}}