{"id":73993,"date":"2016-04-02T16:00:14","date_gmt":"2016-04-02T16:00:14","guid":{"rendered":"http:\/\/previnijard.com.br\/novo\/?page_id=73993"},"modified":"2016-06-17T21:54:57","modified_gmt":"2016-06-17T21:54:57","slug":"implementacao-e-adequacao-das-normas-do-ministerio-do-trabalho-e-emprego","status":"publish","type":"page","link":"https:\/\/previnijard.com.br\/novo\/implementacao-e-adequacao-das-normas-do-ministerio-do-trabalho-e-emprego\/","title":{"rendered":"Implementa\u00e7\u00e3o e Adequa\u00e7\u00e3o das Normas do Minist\u00e9rio do Trabalho e Emprego."},"content":{"rendered":"<div class=\"vc_row wpb_row   \" style=\"\"><div class=\" boxed\"><div class=\"container\"><div class=\"row\">\n\t<div class=\"col-sm-12 col-lg-12 wpb_column vc_column_container \">\n\t\t<div class=\"wpb_wrapper\">\n\t\t\t\n\t<div class=\"wpb_text_column wpb_content_element \">\n\t\t<div class=\"wpb_wrapper\">\n\t\t\t<p>Acompanhamento de obras, reformas ou linhas de produ\u00e7\u00e3o com levamento de laudos.<\/p>\n<p>-Levantamento de vapores, compostos org\u00e2nicos e aerodispers\u00f3ides;<br \/>\n-Levantamento de riscos ocupacionais;<br \/>\n-Laudo de Insalubridade;<br \/>\n-Laudo de Periculosidade<br \/>\n-An\u00e1lises Ergon\u00f4micas;<\/p>\n\n\t\t<\/div> \n\t<\/div> \n\t<div class=\"wpb_text_column wpb_content_element \">\n\t\t<div class=\"wpb_wrapper\">\n\t\t\t<p><\/p>\n\n\t\t<\/div> \n\t<\/div> <div class=\"vc_empty_space\"  style=\"height: 30px\" ><span class=\"vc_empty_space_inner\"><\/span><\/div>\n\n\n\t\t<\/div> \n\t<\/div> \n<\/div><\/div><\/div><\/div>\n","protected":false},"excerpt":{"rendered":"Acompanhamento de obras, reformas ou linhas de produ\u00e7\u00e3o com levamento de laudos. -Levantamento de vapores, compostos org\u00e2nicos e aerodispers\u00f3ides; -Levantamento de riscos ocupacionais; -Laudo de Insalubridade; -Laudo de Periculosidade -An\u00e1lises Ergon\u00f4micas;","protected":false},"author":1,"featured_media":0,"parent":0,"menu_order":0,"comment_status":"closed","ping_status":"closed","template":"","meta":[],"_links":{"self":[{"href":"https:\/\/previnijard.com.br\/novo\/wp-json\/wp\/v2\/pages\/73993"}],"collection":[{"href":"https:\/\/previnijard.com.br\/novo\/wp-json\/wp\/v2\/pages"}],"about":[{"href":"https:\/\/previnijard.com.br\/novo\/wp-json\/wp\/v2\/types\/page"}],"author":[{"embeddable":true,"href":"https:\/\/previnijard.com.br\/novo\/wp-json\/wp\/v2\/users\/1"}],"replies":[{"embeddable":true,"href":"https:\/\/previnijard.com.br\/novo\/wp-json\/wp\/v2\/comments?post=73993"}],"version-history":[{"count":5,"href":"https:\/\/previnijard.com.br\/novo\/wp-json\/wp\/v2\/pages\/73993\/revisions"}],"predecessor-version":[{"id":74099,"href":"https:\/\/previnijard.com.br\/novo\/wp-json\/wp\/v2\/pages\/73993\/revisions\/74099"}],"wp:attachment":[{"href":"https:\/\/previnijard.com.br\/novo\/wp-json\/wp\/v2\/media?parent=73993"}],"curies":[{"name":"wp","href":"https:\/\/api.w.org\/{rel}","templated":true}]}}